{"id":154,"date":"2016-09-09T18:45:22","date_gmt":"2016-09-09T16:45:22","guid":{"rendered":"http:\/\/www.lebeaukal.fr\/blog\/?page_id=154"},"modified":"2018-06-13T13:31:30","modified_gmt":"2018-06-13T11:31:30","slug":"inscription-a-montorgueil-infos","status":"publish","type":"page","link":"https:\/\/www.lebeaukal.fr\/blog\/inscription-a-montorgueil-infos\/","title":{"rendered":"Inscription \u00e0 Montorgueil-Infos"},"content":{"rendered":"<h1><span style=\"font-family: Trebuchet MS,Geneva;\">Le partenaire n&rsquo;a pas encore valid\u00e9 son inscription<br \/>\nni communiqu\u00e9 son \u00ab\u00a0Bon Plan\u00a0\u00bb<\/span><\/h1>\n<h2 data-lineheight=\"47\" data-fontsize=\"34\"><span style=\"font-family: Trebuchet MS,Geneva;\">Sur ce site, nous r\u00e9f\u00e9ren\u00e7ons les bons plans du quartier Montorgueil.<\/span><\/h2>\n<h2 data-lineheight=\"27\" data-fontsize=\"18\"><span style=\"font-family: Trebuchet MS,Geneva;\">Les restaurants, commer\u00e7ants et services de tous genres peuvent nous contacter pour \u00eatre pr\u00e9sents sur cette page.<\/span><\/h2>\n<p><span style=\"font-family: Trebuchet MS,Geneva;\">Pr\u00e9voir :<\/span><\/p>\n<ul>\n<li><span style=\"font-family: Trebuchet MS,Geneva;\">Le nom de l\u2019\u00e9tablissement, l\u2019adresse, sp\u00e9cialit\u00e9s, courriel, site web<\/span><\/li>\n<li><span style=\"font-family: Trebuchet MS,Geneva;\">Deux photos de l\u2019\u00e9tablissement (int\u00e9rieur ou ext\u00e9rieur), \u00e9quipe, produits\u2026<\/span><\/li>\n<li><span style=\"font-family: Trebuchet MS,Geneva;\">La promotion de la semaine, (formule, menu, cadeau, remise\u2026)<\/span><\/li>\n<\/ul>\n<p>&nbsp;<\/p>\n<p><span style=\"font-family: Trebuchet MS,Geneva;\">Vous \u00eates le partenaire : <strong><a href=\"http:\/\/m.me\/MontorgueilParis\" target=\"_blank\" rel=\"noopener noreferrer\">contactez nous<\/a><\/strong> au plus vite pour mettre \u00e0 jour votre fiche, <strong>C&rsquo;EST GRATUIT !<\/strong><\/span><\/p>\n<p><span style=\"font-family: Trebuchet MS,Geneva;\">Vous connaissez le partenaire : <a href=\"https:\/\/www.facebook.com\/MontorgueilParis\" target=\"_blank\" rel=\"noopener noreferrer\"><strong>informez le svp<\/strong><\/a> en lui laissant un message sur sa page Face Book <\/span><\/p>\n","protected":false},"excerpt":{"rendered":"<p>Le partenaire n&rsquo;a pas encore valid\u00e9 son inscription ni communiqu\u00e9 son \u00ab\u00a0Bon Plan\u00a0\u00bb Sur ce site, nous r\u00e9f\u00e9ren\u00e7ons les bons plans du quartier Montorgueil. Les restaurants, commer\u00e7ants et services de tous genres peuvent nous contacter pour \u00eatre pr\u00e9sents sur cette page. Pr\u00e9voir : Le nom de l\u2019\u00e9tablissement, l\u2019adresse, sp\u00e9cialit\u00e9s, courriel, site web Deux photos de [&hellip;]<\/p>\n","protected":false},"author":1,"featured_media":0,"parent":0,"menu_order":12,"comment_status":"closed","ping_status":"closed","template":"","meta":{"_uag_custom_page_level_css":"","footnotes":""},"categories":[1],"class_list":["post-154","page","type-page","status-publish","hentry","category-non-classe"],"yoast_head":"<!-- This site is optimized with the Yoast SEO Premium plugin v26.4 (Yoast SEO v26.4) - https:\/\/yoast.com\/wordpress\/plugins\/seo\/ -->\n<title>Inscription \u00e0 Montorgueil-Infos<\/title>\n<meta name=\"description\" content=\"Le partenaire n&#039;a pas encore valid\u00e9 son inscription ni communiqu\u00e9 son &quot;Bon Plan&quot; Sur ce site, nous r\u00e9f\u00e9ren\u00e7ons les bons plans du quartier Montorgueil. Les\" \/>\n<meta name=\"robots\" content=\"index, follow, max-snippet:-1, max-image-preview:large, max-video-preview:-1\" \/>\n<link rel=\"canonical\" href=\"https:\/\/www.lebeaukal.fr\/blog\/inscription-a-montorgueil-infos\/\" \/>\n<meta property=\"og:locale\" content=\"fr_FR\" \/>\n<meta property=\"og:type\" content=\"article\" \/>\n<meta property=\"og:title\" content=\"Inscription \u00e0 Montorgueil-Infos\" \/>\n<meta property=\"og:description\" content=\"Le partenaire n&#039;a pas encore valid\u00e9 son inscription ni communiqu\u00e9 son &quot;Bon Plan&quot; Sur ce site, nous r\u00e9f\u00e9ren\u00e7ons les bons plans du quartier Montorgueil. Les\" \/>\n<meta property=\"og:url\" content=\"https:\/\/www.lebeaukal.fr\/blog\/inscription-a-montorgueil-infos\/\" \/>\n<meta property=\"og:site_name\" content=\"Les Bulles du BeauKal\" \/>\n<meta property=\"article:publisher\" content=\"https:\/\/www.facebook.com\/beaukalexperience\/\" \/>\n<meta property=\"article:modified_time\" content=\"2018-06-13T11:31:30+00:00\" \/>\n<meta property=\"og:image\" content=\"https:\/\/www.lebeaukal.fr\/blog\/wp-content\/uploads\/2017\/01\/LOGOBK2.jpg\" \/>\n\t<meta property=\"og:image:width\" content=\"500\" \/>\n\t<meta property=\"og:image:height\" content=\"500\" \/>\n\t<meta property=\"og:image:type\" content=\"image\/jpeg\" \/>\n<meta name=\"twitter:card\" content=\"summary_large_image\" \/>\n<meta name=\"twitter:site\" content=\"@LeBeaukal\" \/>\n<meta name=\"twitter:label1\" content=\"Dur\u00e9e de lecture estim\u00e9e\" \/>\n\t<meta name=\"twitter:data1\" content=\"1 minute\" \/>\n<script type=\"application\/ld+json\" class=\"yoast-schema-graph\">{\"@context\":\"https:\/\/schema.org\",\"@graph\":[{\"@type\":\"WebPage\",\"@id\":\"https:\/\/www.lebeaukal.fr\/blog\/inscription-a-montorgueil-infos\/\",\"url\":\"https:\/\/www.lebeaukal.fr\/blog\/inscription-a-montorgueil-infos\/\",\"name\":\"Inscription \u00e0 Montorgueil-Infos\",\"isPartOf\":{\"@id\":\"https:\/\/www.lebeaukal.fr\/blog\/#website\"},\"datePublished\":\"2016-09-09T16:45:22+00:00\",\"dateModified\":\"2018-06-13T11:31:30+00:00\",\"description\":\"Le partenaire n'a pas encore valid\u00e9 son inscription ni communiqu\u00e9 son \\\"Bon Plan\\\" Sur ce site, nous r\u00e9f\u00e9ren\u00e7ons les bons plans du quartier Montorgueil. Les\",\"breadcrumb\":{\"@id\":\"https:\/\/www.lebeaukal.fr\/blog\/inscription-a-montorgueil-infos\/#breadcrumb\"},\"inLanguage\":\"fr-FR\",\"potentialAction\":[{\"@type\":\"ReadAction\",\"target\":[\"https:\/\/www.lebeaukal.fr\/blog\/inscription-a-montorgueil-infos\/\"]}]},{\"@type\":\"BreadcrumbList\",\"@id\":\"https:\/\/www.lebeaukal.fr\/blog\/inscription-a-montorgueil-infos\/#breadcrumb\",\"itemListElement\":[{\"@type\":\"ListItem\",\"position\":1,\"name\":\"Accueil\",\"item\":\"https:\/\/www.lebeaukal.fr\/blog\/\"},{\"@type\":\"ListItem\",\"position\":2,\"name\":\"Inscription \u00e0 Montorgueil-Infos\"}]},{\"@type\":\"WebSite\",\"@id\":\"https:\/\/www.lebeaukal.fr\/blog\/#website\",\"url\":\"https:\/\/www.lebeaukal.fr\/blog\/\",\"name\":\"Les Bulles du BeauKal\",\"description\":\"Le blog du studio photo Le BeauKal et informations sur la photo\",\"publisher\":{\"@id\":\"https:\/\/www.lebeaukal.fr\/blog\/#organization\"},\"potentialAction\":[{\"@type\":\"SearchAction\",\"target\":{\"@type\":\"EntryPoint\",\"urlTemplate\":\"https:\/\/www.lebeaukal.fr\/blog\/?s={search_term_string}\"},\"query-input\":{\"@type\":\"PropertyValueSpecification\",\"valueRequired\":true,\"valueName\":\"search_term_string\"}}],\"inLanguage\":\"fr-FR\"},{\"@type\":\"Organization\",\"@id\":\"https:\/\/www.lebeaukal.fr\/blog\/#organization\",\"name\":\"Le BeauKal\",\"url\":\"https:\/\/www.lebeaukal.fr\/blog\/\",\"logo\":{\"@type\":\"ImageObject\",\"inLanguage\":\"fr-FR\",\"@id\":\"https:\/\/www.lebeaukal.fr\/blog\/#\/schema\/logo\/image\/\",\"url\":\"https:\/\/www.lebeaukal.fr\/blog\/wp-content\/uploads\/2017\/01\/LOGOBK2.jpg\",\"contentUrl\":\"https:\/\/www.lebeaukal.fr\/blog\/wp-content\/uploads\/2017\/01\/LOGOBK2.jpg\",\"width\":500,\"height\":500,\"caption\":\"Le BeauKal\"},\"image\":{\"@id\":\"https:\/\/www.lebeaukal.fr\/blog\/#\/schema\/logo\/image\/\"},\"sameAs\":[\"https:\/\/www.facebook.com\/beaukalexperience\/\",\"https:\/\/x.com\/LeBeaukal\",\"https:\/\/www.instagram.com\/photographemontorgueil\/\",\"https:\/\/www.linkedin.com\/in\/christiandebrossesphotographe\/\"]}]}<\/script>\n<!-- \/ Yoast SEO Premium plugin. -->","yoast_head_json":{"title":"Inscription \u00e0 Montorgueil-Infos","description":"Le partenaire n'a pas encore valid\u00e9 son inscription ni communiqu\u00e9 son \"Bon Plan\" Sur ce site, nous r\u00e9f\u00e9ren\u00e7ons les bons plans du quartier Montorgueil. Les","robots":{"index":"index","follow":"follow","max-snippet":"max-snippet:-1","max-image-preview":"max-image-preview:large","max-video-preview":"max-video-preview:-1"},"canonical":"https:\/\/www.lebeaukal.fr\/blog\/inscription-a-montorgueil-infos\/","og_locale":"fr_FR","og_type":"article","og_title":"Inscription \u00e0 Montorgueil-Infos","og_description":"Le partenaire n'a pas encore valid\u00e9 son inscription ni communiqu\u00e9 son \"Bon Plan\" Sur ce site, nous r\u00e9f\u00e9ren\u00e7ons les bons plans du quartier Montorgueil. Les","og_url":"https:\/\/www.lebeaukal.fr\/blog\/inscription-a-montorgueil-infos\/","og_site_name":"Les Bulles du BeauKal","article_publisher":"https:\/\/www.facebook.com\/beaukalexperience\/","article_modified_time":"2018-06-13T11:31:30+00:00","og_image":[{"width":500,"height":500,"url":"https:\/\/www.lebeaukal.fr\/blog\/wp-content\/uploads\/2017\/01\/LOGOBK2.jpg","type":"image\/jpeg"}],"twitter_card":"summary_large_image","twitter_site":"@LeBeaukal","twitter_misc":{"Dur\u00e9e de lecture estim\u00e9e":"1 minute"},"schema":{"@context":"https:\/\/schema.org","@graph":[{"@type":"WebPage","@id":"https:\/\/www.lebeaukal.fr\/blog\/inscription-a-montorgueil-infos\/","url":"https:\/\/www.lebeaukal.fr\/blog\/inscription-a-montorgueil-infos\/","name":"Inscription \u00e0 Montorgueil-Infos","isPartOf":{"@id":"https:\/\/www.lebeaukal.fr\/blog\/#website"},"datePublished":"2016-09-09T16:45:22+00:00","dateModified":"2018-06-13T11:31:30+00:00","description":"Le partenaire n'a pas encore valid\u00e9 son inscription ni communiqu\u00e9 son \"Bon Plan\" Sur ce site, nous r\u00e9f\u00e9ren\u00e7ons les bons plans du quartier Montorgueil. Les","breadcrumb":{"@id":"https:\/\/www.lebeaukal.fr\/blog\/inscription-a-montorgueil-infos\/#breadcrumb"},"inLanguage":"fr-FR","potentialAction":[{"@type":"ReadAction","target":["https:\/\/www.lebeaukal.fr\/blog\/inscription-a-montorgueil-infos\/"]}]},{"@type":"BreadcrumbList","@id":"https:\/\/www.lebeaukal.fr\/blog\/inscription-a-montorgueil-infos\/#breadcrumb","itemListElement":[{"@type":"ListItem","position":1,"name":"Accueil","item":"https:\/\/www.lebeaukal.fr\/blog\/"},{"@type":"ListItem","position":2,"name":"Inscription \u00e0 Montorgueil-Infos"}]},{"@type":"WebSite","@id":"https:\/\/www.lebeaukal.fr\/blog\/#website","url":"https:\/\/www.lebeaukal.fr\/blog\/","name":"Les Bulles du BeauKal","description":"Le blog du studio photo Le BeauKal et informations sur la photo","publisher":{"@id":"https:\/\/www.lebeaukal.fr\/blog\/#organization"},"potentialAction":[{"@type":"SearchAction","target":{"@type":"EntryPoint","urlTemplate":"https:\/\/www.lebeaukal.fr\/blog\/?s={search_term_string}"},"query-input":{"@type":"PropertyValueSpecification","valueRequired":true,"valueName":"search_term_string"}}],"inLanguage":"fr-FR"},{"@type":"Organization","@id":"https:\/\/www.lebeaukal.fr\/blog\/#organization","name":"Le BeauKal","url":"https:\/\/www.lebeaukal.fr\/blog\/","logo":{"@type":"ImageObject","inLanguage":"fr-FR","@id":"https:\/\/www.lebeaukal.fr\/blog\/#\/schema\/logo\/image\/","url":"https:\/\/www.lebeaukal.fr\/blog\/wp-content\/uploads\/2017\/01\/LOGOBK2.jpg","contentUrl":"https:\/\/www.lebeaukal.fr\/blog\/wp-content\/uploads\/2017\/01\/LOGOBK2.jpg","width":500,"height":500,"caption":"Le BeauKal"},"image":{"@id":"https:\/\/www.lebeaukal.fr\/blog\/#\/schema\/logo\/image\/"},"sameAs":["https:\/\/www.facebook.com\/beaukalexperience\/","https:\/\/x.com\/LeBeaukal","https:\/\/www.instagram.com\/photographemontorgueil\/","https:\/\/www.linkedin.com\/in\/christiandebrossesphotographe\/"]}]}},"uagb_featured_image_src":{"full":false,"thumbnail":false,"medium":false,"medium_large":false,"large":false,"slgf_12_thumb":false,"slgf_346_thumb":false,"slgf_12_same_size_thumb":false,"slgf_346_same_size_thumb":false,"rpg_gallery_admin_thumb":false,"rpg_gallery_thumb":false,"1536x1536":false,"2048x2048":false,"blog-large":false,"blog-medium":false,"recent-posts":false,"recent-works-thumbnail":false,"fusion-200":false,"fusion-400":false,"fusion-600":false,"fusion-800":false,"fusion-1200":false,"portfolio-full":false,"portfolio-one":false,"portfolio-two":false,"portfolio-three":false,"portfolio-five":false},"uagb_author_info":{"display_name":"ChristianBK","author_link":"https:\/\/www.lebeaukal.fr\/blog\/author\/christianbk\/"},"uagb_comment_info":0,"uagb_excerpt":"Le partenaire n&rsquo;a pas encore valid\u00e9 son inscription ni communiqu\u00e9 son \u00ab\u00a0Bon Plan\u00a0\u00bb Sur ce site, nous r\u00e9f\u00e9ren\u00e7ons les bons plans du quartier Montorgueil. Les restaurants, commer\u00e7ants et services de tous genres peuvent nous contacter pour \u00eatre pr\u00e9sents sur cette page. Pr\u00e9voir : Le nom de l\u2019\u00e9tablissement, l\u2019adresse, sp\u00e9cialit\u00e9s, courriel, site web Deux photos de\u2026","_links":{"self":[{"href":"https:\/\/www.lebeaukal.fr\/blog\/wp-json\/wp\/v2\/pages\/154","targetHints":{"allow":["GET"]}}],"collection":[{"href":"https:\/\/www.lebeaukal.fr\/blog\/wp-json\/wp\/v2\/pages"}],"about":[{"href":"https:\/\/www.lebeaukal.fr\/blog\/wp-json\/wp\/v2\/types\/page"}],"author":[{"embeddable":true,"href":"https:\/\/www.lebeaukal.fr\/blog\/wp-json\/wp\/v2\/users\/1"}],"replies":[{"embeddable":true,"href":"https:\/\/www.lebeaukal.fr\/blog\/wp-json\/wp\/v2\/comments?post=154"}],"version-history":[{"count":6,"href":"https:\/\/www.lebeaukal.fr\/blog\/wp-json\/wp\/v2\/pages\/154\/revisions"}],"predecessor-version":[{"id":1125,"href":"https:\/\/www.lebeaukal.fr\/blog\/wp-json\/wp\/v2\/pages\/154\/revisions\/1125"}],"wp:attachment":[{"href":"https:\/\/www.lebeaukal.fr\/blog\/wp-json\/wp\/v2\/media?parent=154"}],"wp:term":[{"taxonomy":"category","embeddable":true,"href":"https:\/\/www.lebeaukal.fr\/blog\/wp-json\/wp\/v2\/categories?post=154"}],"curies":[{"name":"wp","href":"https:\/\/api.w.org\/{rel}","templated":true}]}}